{"id":10,"date":"2018-12-26T16:20:47","date_gmt":"2018-12-26T15:20:47","guid":{"rendered":"http:\/\/dessoinsetdesarts.com\/?page_id=10"},"modified":"2024-04-16T17:36:13","modified_gmt":"2024-04-16T15:36:13","slug":"blog","status":"publish","type":"page","link":"https:\/\/dessoinsetdesarts.com\/index.php\/blog\/","title":{"rendered":"Blog"},"content":{"rendered":"\n<figure class=\"wp-block-image size-large\"><img loading=\"lazy\" decoding=\"async\" width=\"1024\" height=\"577\" src=\"https:\/\/dessoinsetdesarts.com\/wp-content\/uploads\/2024\/04\/Breathwork-at-MQ-1024x577.webp\" alt=\"\" class=\"wp-image-531\" srcset=\"https:\/\/dessoinsetdesarts.com\/wp-content\/uploads\/2024\/04\/Breathwork-at-MQ-1024x577.webp 1024w, https:\/\/dessoinsetdesarts.com\/wp-content\/uploads\/2024\/04\/Breathwork-at-MQ-300x169.webp 300w, https:\/\/dessoinsetdesarts.com\/wp-content\/uploads\/2024\/04\/Breathwork-at-MQ-768x433.webp 768w, https:\/\/dessoinsetdesarts.com\/wp-content\/uploads\/2024\/04\/Breathwork-at-MQ-1536x866.webp 1536w, https:\/\/dessoinsetdesarts.com\/wp-content\/uploads\/2024\/04\/Breathwork-at-MQ.webp 1596w\" sizes=\"auto, (max-width: 767px) 89vw, (max-width: 1000px) 54vw, (max-width: 1071px) 543px, 580px\" \/><\/figure>\n\n\n\n<p><a href=\"https:\/\/www.mq-learning.com\/events\/breathwork-health-well-being\">https:\/\/www.mq-learning.com\/events\/breathwork-health-well-being<\/a><\/p>\n\n\n\n<figure class=\"wp-block-image size-large\"><img loading=\"lazy\" decoding=\"async\" width=\"1024\" height=\"577\" src=\"https:\/\/dessoinsetdesarts.com\/wp-content\/uploads\/2024\/04\/096478_9be4a434a1e84d6fbb3c4484a4d55e25mv2-1024x577.webp\" alt=\"\" class=\"wp-image-527\" srcset=\"https:\/\/dessoinsetdesarts.com\/wp-content\/uploads\/2024\/04\/096478_9be4a434a1e84d6fbb3c4484a4d55e25mv2-1024x577.webp 1024w, https:\/\/dessoinsetdesarts.com\/wp-content\/uploads\/2024\/04\/096478_9be4a434a1e84d6fbb3c4484a4d55e25mv2-300x169.webp 300w, https:\/\/dessoinsetdesarts.com\/wp-content\/uploads\/2024\/04\/096478_9be4a434a1e84d6fbb3c4484a4d55e25mv2-768x433.webp 768w, https:\/\/dessoinsetdesarts.com\/wp-content\/uploads\/2024\/04\/096478_9be4a434a1e84d6fbb3c4484a4d55e25mv2-1536x866.webp 1536w, https:\/\/dessoinsetdesarts.com\/wp-content\/uploads\/2024\/04\/096478_9be4a434a1e84d6fbb3c4484a4d55e25mv2.webp 1596w\" sizes=\"auto, (max-width: 767px) 89vw, (max-width: 1000px) 54vw, (max-width: 1071px) 543px, 580px\" \/><\/figure>\n\n\n\n<p><a href=\"https:\/\/www.mq-learning.com\/events\/rendez-vous-with-your-breath-health-well-being\">https:\/\/www.mq-learning.com\/events\/rendez-vous-with-your-breath-health-well-being<\/a><\/p>\n\n\n\n<figure class=\"wp-block-image size-large\"><img loading=\"lazy\" decoding=\"async\" width=\"1024\" height=\"577\" src=\"https:\/\/dessoinsetdesarts.com\/wp-content\/uploads\/2023\/11\/096478_9dd2ff2cd0794f17bcaa756100acb80dmv2-1024x577.webp\" alt=\"\" class=\"wp-image-492\" srcset=\"https:\/\/dessoinsetdesarts.com\/wp-content\/uploads\/2023\/11\/096478_9dd2ff2cd0794f17bcaa756100acb80dmv2-1024x577.webp 1024w, https:\/\/dessoinsetdesarts.com\/wp-content\/uploads\/2023\/11\/096478_9dd2ff2cd0794f17bcaa756100acb80dmv2-300x169.webp 300w, https:\/\/dessoinsetdesarts.com\/wp-content\/uploads\/2023\/11\/096478_9dd2ff2cd0794f17bcaa756100acb80dmv2-768x433.webp 768w, https:\/\/dessoinsetdesarts.com\/wp-content\/uploads\/2023\/11\/096478_9dd2ff2cd0794f17bcaa756100acb80dmv2-1536x866.webp 1536w, https:\/\/dessoinsetdesarts.com\/wp-content\/uploads\/2023\/11\/096478_9dd2ff2cd0794f17bcaa756100acb80dmv2.webp 1596w\" sizes=\"auto, (max-width: 767px) 89vw, (max-width: 1000px) 54vw, (max-width: 1071px) 543px, 580px\" \/><\/figure>\n\n\n\n<figure class=\"wp-block-image size-large\"><img loading=\"lazy\" decoding=\"async\" width=\"1024\" height=\"577\" src=\"https:\/\/dessoinsetdesarts.com\/wp-content\/uploads\/2023\/11\/Celebrate-Love-Health-1024x577.webp\" alt=\"\" class=\"wp-image-487\" srcset=\"https:\/\/dessoinsetdesarts.com\/wp-content\/uploads\/2023\/11\/Celebrate-Love-Health-1024x577.webp 1024w, https:\/\/dessoinsetdesarts.com\/wp-content\/uploads\/2023\/11\/Celebrate-Love-Health-300x169.webp 300w, https:\/\/dessoinsetdesarts.com\/wp-content\/uploads\/2023\/11\/Celebrate-Love-Health-768x433.webp 768w, https:\/\/dessoinsetdesarts.com\/wp-content\/uploads\/2023\/11\/Celebrate-Love-Health-1536x866.webp 1536w, https:\/\/dessoinsetdesarts.com\/wp-content\/uploads\/2023\/11\/Celebrate-Love-Health.webp 1596w\" sizes=\"auto, (max-width: 767px) 89vw, (max-width: 1000px) 54vw, (max-width: 1071px) 543px, 580px\" \/><\/figure>\n\n\n\n<div class=\"wp-block-media-text alignwide is-stacked-on-mobile\" style=\"grid-template-columns:49% auto\"><figure class=\"wp-block-media-text__media\"><img decoding=\"async\" src=\"https:\/\/dessoinsetdesarts.com\/wp-content\/uploads\/2021\/06\/Photo-The\u0301o.jpg\" alt=\"\" class=\"wp-image-373 size-full\"\/><\/figure><div class=\"wp-block-media-text__content\">\n<p>Auto Shiatsu de l&rsquo;Hiver :    <\/p>\n\n\n\n<p>Les Dimanches 24\/11, 8 &amp; 15\/12, 12&amp;26\/01 de 10h30 \u00e0 12h \u00e0 Des Soins &amp; des Arts.                 Informations et r\u00e9servation (n\u00e9cessaire) : www.dessoinsetdesarts.com Tarif unique : 20 euros <\/p>\n\n\n\n<p>Un c\u00e9l\u00e8bre docteur avait dit sous Louis XV : \u00ab l\u2019exercice est d\u2019une\nn\u00e9cessit\u00e9 absolue ; rien n\u2019est plus propre que l\u2019inaction \u00e0 augmenter\ntous les maux. Le mouvement peut souvent tenir lieu de rem\u00e8des ; tous\nles rem\u00e8des du monde ne peuvent pas tenir lieu de mouvement \u00bb.\n<\/p>\n<\/div><\/div>\n\n\n\n<figure class=\"wp-block-image\"><img loading=\"lazy\" decoding=\"async\" width=\"724\" height=\"1024\" src=\"https:\/\/dessoinsetdesarts.com\/wp-content\/uploads\/2019\/01\/Yoga-shiatsu-4-724x1024.png\" alt=\"\" class=\"wp-image-76\" srcset=\"https:\/\/dessoinsetdesarts.com\/wp-content\/uploads\/2019\/01\/Yoga-shiatsu-4-724x1024.png 724w, https:\/\/dessoinsetdesarts.com\/wp-content\/uploads\/2019\/01\/Yoga-shiatsu-4-212x300.png 212w, https:\/\/dessoinsetdesarts.com\/wp-content\/uploads\/2019\/01\/Yoga-shiatsu-4-768x1086.png 768w, https:\/\/dessoinsetdesarts.com\/wp-content\/uploads\/2019\/01\/Yoga-shiatsu-4.png 794w\" sizes=\"auto, (max-width: 724px) 100vw, 724px\" \/><\/figure>\n","protected":false},"excerpt":{"rendered":"<p>https:\/\/www.mq-learning.com\/events\/breathwork-health-well-being https:\/\/www.mq-learning.com\/events\/rendez-vous-with-your-breath-health-well-being Auto Shiatsu de l&rsquo;Hiver : Les Dimanches 24\/11, 8 &amp; 15\/12, 12&amp;26\/01 de 10h30 \u00e0 12h \u00e0 Des Soins &amp; des Arts. Informations et r\u00e9servation (n\u00e9cessaire) : www.dessoinsetdesarts.com Tarif unique : 20 euros Un c\u00e9l\u00e8bre docteur avait dit sous Louis XV : \u00ab l\u2019exercice est d\u2019une n\u00e9cessit\u00e9 absolue ; rien n\u2019est plus propre &hellip; <\/p>\n<p class=\"link-more\"><a href=\"https:\/\/dessoinsetdesarts.com\/index.php\/blog\/\" class=\"more-link\">Continuer la lecture<span class=\"screen-reader-text\"> de &laquo;&nbsp;Blog&nbsp;&raquo;<\/span><\/a><\/p>\n","protected":false},"author":1,"featured_media":0,"parent":0,"menu_order":0,"comment_status":"closed","ping_status":"closed","template":"","meta":{"footnotes":""},"class_list":["post-10","page","type-page","status-publish","hentry"],"yoast_head":"<!-- This site is optimized with the Yoast SEO plugin v24.9 - https:\/\/yoast.com\/wordpress\/plugins\/seo\/ -->\n<title>Blog - Des Soins &amp; Des Arts<\/title>\n<meta name=\"robots\" content=\"index, follow, max-snippet:-1, max-image-preview:large, max-video-preview:-1\" \/>\n<link rel=\"canonical\" href=\"https:\/\/dessoinsetdesarts.com\/index.php\/blog\/\" \/>\n<meta property=\"og:locale\" content=\"fr_FR\" \/>\n<meta property=\"og:type\" content=\"article\" \/>\n<meta property=\"og:title\" content=\"Blog - Des Soins &amp; Des Arts\" \/>\n<meta property=\"og:description\" content=\"https:\/\/www.mq-learning.com\/events\/breathwork-health-well-being https:\/\/www.mq-learning.com\/events\/rendez-vous-with-your-breath-health-well-being Auto Shiatsu de l&rsquo;Hiver : Les Dimanches 24\/11, 8 &amp; 15\/12, 12&amp;26\/01 de 10h30 \u00e0 12h \u00e0 Des Soins &amp; des Arts. Informations et r\u00e9servation (n\u00e9cessaire) : www.dessoinsetdesarts.com Tarif unique : 20 euros Un c\u00e9l\u00e8bre docteur avait dit sous Louis XV : \u00ab l\u2019exercice est d\u2019une n\u00e9cessit\u00e9 absolue ; rien n\u2019est plus propre &hellip; Continuer la lecture de &laquo;&nbsp;Blog&nbsp;&raquo;\" \/>\n<meta property=\"og:url\" content=\"https:\/\/dessoinsetdesarts.com\/index.php\/blog\/\" \/>\n<meta property=\"og:site_name\" content=\"Des Soins &amp; Des Arts\" \/>\n<meta property=\"article:modified_time\" content=\"2024-04-16T15:36:13+00:00\" \/>\n<meta property=\"og:image\" content=\"https:\/\/dessoinsetdesarts.com\/wp-content\/uploads\/2024\/04\/Breathwork-at-MQ-1024x577.webp\" \/>\n<meta name=\"twitter:card\" content=\"summary_large_image\" \/>\n<meta name=\"twitter:label1\" content=\"Dur\u00e9e de lecture estim\u00e9e\" \/>\n\t<meta name=\"twitter:data1\" content=\"2 minutes\" \/>\n<script type=\"application\/ld+json\" class=\"yoast-schema-graph\">{\"@context\":\"https:\/\/schema.org\",\"@graph\":[{\"@type\":\"WebPage\",\"@id\":\"https:\/\/dessoinsetdesarts.com\/index.php\/blog\/\",\"url\":\"https:\/\/dessoinsetdesarts.com\/index.php\/blog\/\",\"name\":\"Blog - Des Soins &amp; Des Arts\",\"isPartOf\":{\"@id\":\"https:\/\/dessoinsetdesarts.com\/#website\"},\"primaryImageOfPage\":{\"@id\":\"https:\/\/dessoinsetdesarts.com\/index.php\/blog\/#primaryimage\"},\"image\":{\"@id\":\"https:\/\/dessoinsetdesarts.com\/index.php\/blog\/#primaryimage\"},\"thumbnailUrl\":\"https:\/\/dessoinsetdesarts.com\/wp-content\/uploads\/2024\/04\/Breathwork-at-MQ-1024x577.webp\",\"datePublished\":\"2018-12-26T15:20:47+00:00\",\"dateModified\":\"2024-04-16T15:36:13+00:00\",\"breadcrumb\":{\"@id\":\"https:\/\/dessoinsetdesarts.com\/index.php\/blog\/#breadcrumb\"},\"inLanguage\":\"fr-FR\",\"potentialAction\":[{\"@type\":\"ReadAction\",\"target\":[\"https:\/\/dessoinsetdesarts.com\/index.php\/blog\/\"]}]},{\"@type\":\"ImageObject\",\"inLanguage\":\"fr-FR\",\"@id\":\"https:\/\/dessoinsetdesarts.com\/index.php\/blog\/#primaryimage\",\"url\":\"https:\/\/dessoinsetdesarts.com\/wp-content\/uploads\/2024\/04\/Breathwork-at-MQ.webp\",\"contentUrl\":\"https:\/\/dessoinsetdesarts.com\/wp-content\/uploads\/2024\/04\/Breathwork-at-MQ.webp\",\"width\":1596,\"height\":900},{\"@type\":\"BreadcrumbList\",\"@id\":\"https:\/\/dessoinsetdesarts.com\/index.php\/blog\/#breadcrumb\",\"itemListElement\":[{\"@type\":\"ListItem\",\"position\":1,\"name\":\"Home\",\"item\":\"https:\/\/dessoinsetdesarts.com\/\"},{\"@type\":\"ListItem\",\"position\":2,\"name\":\"Blog\"}]},{\"@type\":\"WebSite\",\"@id\":\"https:\/\/dessoinsetdesarts.com\/#website\",\"url\":\"https:\/\/dessoinsetdesarts.com\/\",\"name\":\"Des Soins &amp; Des Arts\",\"description\":\"VANESSA MOUBARAK \",\"potentialAction\":[{\"@type\":\"SearchAction\",\"target\":{\"@type\":\"EntryPoint\",\"urlTemplate\":\"https:\/\/dessoinsetdesarts.com\/?s={search_term_string}\"},\"query-input\":{\"@type\":\"PropertyValueSpecification\",\"valueRequired\":true,\"valueName\":\"search_term_string\"}}],\"inLanguage\":\"fr-FR\"}]}<\/script>\n<!-- \/ Yoast SEO plugin. -->","yoast_head_json":{"title":"Blog - Des Soins &amp; Des Arts","robots":{"index":"index","follow":"follow","max-snippet":"max-snippet:-1","max-image-preview":"max-image-preview:large","max-video-preview":"max-video-preview:-1"},"canonical":"https:\/\/dessoinsetdesarts.com\/index.php\/blog\/","og_locale":"fr_FR","og_type":"article","og_title":"Blog - Des Soins &amp; Des Arts","og_description":"https:\/\/www.mq-learning.com\/events\/breathwork-health-well-being https:\/\/www.mq-learning.com\/events\/rendez-vous-with-your-breath-health-well-being Auto Shiatsu de l&rsquo;Hiver : Les Dimanches 24\/11, 8 &amp; 15\/12, 12&amp;26\/01 de 10h30 \u00e0 12h \u00e0 Des Soins &amp; des Arts. Informations et r\u00e9servation (n\u00e9cessaire) : www.dessoinsetdesarts.com Tarif unique : 20 euros Un c\u00e9l\u00e8bre docteur avait dit sous Louis XV : \u00ab l\u2019exercice est d\u2019une n\u00e9cessit\u00e9 absolue ; rien n\u2019est plus propre &hellip; Continuer la lecture de &laquo;&nbsp;Blog&nbsp;&raquo;","og_url":"https:\/\/dessoinsetdesarts.com\/index.php\/blog\/","og_site_name":"Des Soins &amp; Des Arts","article_modified_time":"2024-04-16T15:36:13+00:00","og_image":[{"url":"https:\/\/dessoinsetdesarts.com\/wp-content\/uploads\/2024\/04\/Breathwork-at-MQ-1024x577.webp","type":"","width":"","height":""}],"twitter_card":"summary_large_image","twitter_misc":{"Dur\u00e9e de lecture estim\u00e9e":"2 minutes"},"schema":{"@context":"https:\/\/schema.org","@graph":[{"@type":"WebPage","@id":"https:\/\/dessoinsetdesarts.com\/index.php\/blog\/","url":"https:\/\/dessoinsetdesarts.com\/index.php\/blog\/","name":"Blog - Des Soins &amp; Des Arts","isPartOf":{"@id":"https:\/\/dessoinsetdesarts.com\/#website"},"primaryImageOfPage":{"@id":"https:\/\/dessoinsetdesarts.com\/index.php\/blog\/#primaryimage"},"image":{"@id":"https:\/\/dessoinsetdesarts.com\/index.php\/blog\/#primaryimage"},"thumbnailUrl":"https:\/\/dessoinsetdesarts.com\/wp-content\/uploads\/2024\/04\/Breathwork-at-MQ-1024x577.webp","datePublished":"2018-12-26T15:20:47+00:00","dateModified":"2024-04-16T15:36:13+00:00","breadcrumb":{"@id":"https:\/\/dessoinsetdesarts.com\/index.php\/blog\/#breadcrumb"},"inLanguage":"fr-FR","potentialAction":[{"@type":"ReadAction","target":["https:\/\/dessoinsetdesarts.com\/index.php\/blog\/"]}]},{"@type":"ImageObject","inLanguage":"fr-FR","@id":"https:\/\/dessoinsetdesarts.com\/index.php\/blog\/#primaryimage","url":"https:\/\/dessoinsetdesarts.com\/wp-content\/uploads\/2024\/04\/Breathwork-at-MQ.webp","contentUrl":"https:\/\/dessoinsetdesarts.com\/wp-content\/uploads\/2024\/04\/Breathwork-at-MQ.webp","width":1596,"height":900},{"@type":"BreadcrumbList","@id":"https:\/\/dessoinsetdesarts.com\/index.php\/blog\/#breadcrumb","itemListElement":[{"@type":"ListItem","position":1,"name":"Home","item":"https:\/\/dessoinsetdesarts.com\/"},{"@type":"ListItem","position":2,"name":"Blog"}]},{"@type":"WebSite","@id":"https:\/\/dessoinsetdesarts.com\/#website","url":"https:\/\/dessoinsetdesarts.com\/","name":"Des Soins &amp; Des Arts","description":"VANESSA MOUBARAK ","potentialAction":[{"@type":"SearchAction","target":{"@type":"EntryPoint","urlTemplate":"https:\/\/dessoinsetdesarts.com\/?s={search_term_string}"},"query-input":{"@type":"PropertyValueSpecification","valueRequired":true,"valueName":"search_term_string"}}],"inLanguage":"fr-FR"}]}},"_links":{"self":[{"href":"https:\/\/dessoinsetdesarts.com\/index.php\/wp-json\/wp\/v2\/pages\/10","targetHints":{"allow":["GET"]}}],"collection":[{"href":"https:\/\/dessoinsetdesarts.com\/index.php\/wp-json\/wp\/v2\/pages"}],"about":[{"href":"https:\/\/dessoinsetdesarts.com\/index.php\/wp-json\/wp\/v2\/types\/page"}],"author":[{"embeddable":true,"href":"https:\/\/dessoinsetdesarts.com\/index.php\/wp-json\/wp\/v2\/users\/1"}],"replies":[{"embeddable":true,"href":"https:\/\/dessoinsetdesarts.com\/index.php\/wp-json\/wp\/v2\/comments?post=10"}],"version-history":[{"count":15,"href":"https:\/\/dessoinsetdesarts.com\/index.php\/wp-json\/wp\/v2\/pages\/10\/revisions"}],"predecessor-version":[{"id":532,"href":"https:\/\/dessoinsetdesarts.com\/index.php\/wp-json\/wp\/v2\/pages\/10\/revisions\/532"}],"wp:attachment":[{"href":"https:\/\/dessoinsetdesarts.com\/index.php\/wp-json\/wp\/v2\/media?parent=10"}],"curies":[{"name":"wp","href":"https:\/\/api.w.org\/{rel}","templated":true}]}}