{"id":44,"date":"2019-01-01T12:43:31","date_gmt":"2019-01-01T11:43:31","guid":{"rendered":"http:\/\/dessoinsetdesarts.com\/?page_id=44"},"modified":"2025-04-16T07:56:13","modified_gmt":"2025-04-16T05:56:13","slug":"a-propos-de-musique","status":"publish","type":"page","link":"https:\/\/dessoinsetdesarts.com\/index.php\/a-propos-de-musique\/","title":{"rendered":"A propos de Musique\/About Music"},"content":{"rendered":"\n<figure class=\"wp-block-image\"><img loading=\"lazy\" decoding=\"async\" width=\"1024\" height=\"768\" src=\"https:\/\/dessoinsetdesarts.com\/wp-content\/uploads\/2019\/04\/photo-musique-site-1024x768.jpg\" alt=\"\" class=\"wp-image-255\" srcset=\"https:\/\/dessoinsetdesarts.com\/wp-content\/uploads\/2019\/04\/photo-musique-site-1024x768.jpg 1024w, https:\/\/dessoinsetdesarts.com\/wp-content\/uploads\/2019\/04\/photo-musique-site-300x225.jpg 300w, https:\/\/dessoinsetdesarts.com\/wp-content\/uploads\/2019\/04\/photo-musique-site-768x576.jpg 768w, https:\/\/dessoinsetdesarts.com\/wp-content\/uploads\/2019\/04\/photo-musique-site.jpg 1280w\" sizes=\"auto, (max-width: 767px) 89vw, (max-width: 1000px) 54vw, (max-width: 1071px) 543px, 580px\" \/><figcaption class=\"wp-element-caption\">Concert \u00e0 l&rsquo;Unesco (Paris)<\/figcaption><\/figure>\n\n\n\n<p><strong>Arriv\u00e9e en Suisse l&rsquo;\u00e9t\u00e9 2022, la musique, d\u00e9sormais,  s&rsquo;invite plus souvent au sein des soins holistiques propos\u00e9s et de l&rsquo;enseignement du yoga et du do-in ainsi que lors de salons culturels musicales \u00e0 Zurich notamment au sein de MQ-Learning o\u00f9 la musique, la po\u00e9sie, la m\u00e9ditation et la philosophie se rencontrent le temps d&rsquo;une soir\u00e9e partag\u00e9e&#8230;<\/strong><\/p>\n\n\n\n<p><strong>Since arriving in Switzerland in the summer of 2022, music has increasingly become a part of the holistic care offered, as well as in the teaching of Yoga and Do-In. It also features in cultural and musical events in Zurich, particularly at MQ-Learning, where music, poetry, meditation, and philosophy come together for an evening of shared experience\u2026<\/strong><\/p>\n\n\n\n<p class=\"has-text-color has-normal-font-size\" style=\"color:#000000\"><span style=\"color: #003300;\"><strong>Fl\u00fbtiste et chanteuse<\/strong>, Vanessa Moubarak se produit depuis quelques ann\u00e9es dans de nombreux festivals \u00e0 travers l\u2019Europe et participe activement \u00e0 la cr\u00e9ation musicale notamment au sein de l\u2019ensemble instrumental <strong>Abstra\u00ef<\/strong> o\u00f9 la po\u00e9sie, la vid\u00e9o et l\u2019\u00e9lectronique se m\u00ealent \u00e0 la musique&#8230;<\/span><\/p>\n\n\n\n<p><span style=\"color: #003300;\">Elle est engag\u00e9e en tant qu\u2019<strong>artiste lyrique<\/strong> au sein de l\u2019ensemble <strong>Ath\u00e9na\u00efs<\/strong>, dirig\u00e9 par L. Pottier et se produit dans divers festivals de musique ancienne (<strong>Festival Marin Marais<\/strong>, <strong>Eglise des Billettes<\/strong>&#8230;). En 2011, elle enregistre avec l\u2019ensemble son <strong>premier disque <\/strong>paru chez <strong>Bayard Musique<\/strong> et salu\u00e9 par la critique (<strong>Diapason magazine <\/strong>et<strong> Classica.<\/strong>..).<\/span><\/p>\n\n\n\n<p><span style=\"color: #003300;\">En 2010, le <strong>Th\u00e9\u00e2tre Antoine<\/strong> \u00e0 Paris lui ouvre ses portes pour une adaptation de \u00ab La Vie Parisienne\u00bb, mise en sc\u00e8ne par A. Sachs et <strong>nomin\u00e9e aux Moli\u00e8res<\/strong> la m\u00eame ann\u00e9e.\u2028La pi\u00e8ce connut un immense succ\u00e8s et y fut reprise en 2011, et au <strong>Th\u00e9\u00e2tre de Paris<\/strong> en 2012.\u2028 L\u2019ann\u00e9e suivante, elle est de nouveau engag\u00e9e par A. Sachs dans \u00abTout Offenbach Ou Presque\u00bb au Th\u00e9\u00e2tre de Paris. \u2028En 2014, elle collabore avec le Th\u00e9\u00e2tre de Paris sur \u00abLa Contrebasse\u00bb de S\u00fcskind interpr\u00e9t\u00e9e par C. Cornillac.<\/span><\/p>\n\n\n\n<p><span style=\"color: #003300;\">En 2015, elle participe \u00e0 un <strong>projet musical France-Japon <\/strong>avec un <strong>premier concert \u00e0 l\u2019UNESCO<\/strong> dans le cadre des rencontres culturelles Kyoto-Paris avec \u00e0 la cl\u00e9 une tourn\u00e9e \u00e0 venir au Japon.<\/span><\/p>\n\n\n\n<p><span style=\"color: #003300;\">En 2016, cr\u00e9ation de l\u2019\u0153uvre \u00ab <strong>El\u00e9gie-M\u00e9moire<\/strong> \u00bb pour fl\u00fbte en sol d\u2019<strong>Iradj Sahba\u00ef<\/strong> \u00e0 Paris et en 2018, cr\u00e9ation de \u00ab <strong>Tchista <\/strong>\u00bb pour fl\u00fbte de <strong>Sina Fallahzadeh<\/strong> \u00e0 Paris.<\/span><\/p>\n\n\n\n<p><span style=\"color: #003300;\">Sous la direction musicale de <strong>P. Peyrieras<\/strong>, elle effectue <strong>plusieurs enregistrements et captations vid\u00e9os<\/strong> dans le cadre de diff\u00e9rents projets en duo, trio ou formation orchestrale (disques, musique pour les mus\u00e9es, musique de th\u00e9\u00e2tre&#8230;).\u2028 <strong>En d\u00e9cembre 2017<\/strong>, elle participe \u00e0 <strong>une tourn\u00e9e musicale en Chine et \u00e0 Ta\u00efwan <\/strong>sous la direction du chef d\u2019orchestre <strong>Marc Hajjar<\/strong>.<\/span><\/p>\n\n\n\n<p><strong>A flutist and singer<\/strong>, Vanessa Moubarak has performed for several years at numerous festivals across Europe and was actively involved in musical creation, particularly within the instrumental ensemble <strong>Abstra\u00ef<\/strong>, where poetry, video, and electronics merge with music.<\/p>\n\n\n\n<p>She was also engaged as a <strong>lyric artist<\/strong> with the <strong>Ath\u00e9na\u00efs Ensemble<\/strong>, conducted by L. Pottier, and regularly performs at various early music festivals (such as the <strong>Festival Marin Marais<\/strong>, <strong>\u00c9glise des Billettes<\/strong>, etc.). In 2011, she recorded her <strong>first album<\/strong> with the ensemble, released by <strong>Bayard Musique<\/strong>, which was praised by critics (featured in <strong>Diapason<\/strong> and <strong>Classica<\/strong> magazines).<\/p>\n\n\n\n<p>In 2010, <strong>Th\u00e9\u00e2tre Antoine<\/strong> in Paris welcomed her for an adaptation of <em>\u201cLa Vie Parisienne\u201d<\/em>, directed by A. Sachs and <strong>nominated for the Moli\u00e8res<\/strong> the same year. The play was a huge success and was revived in 2011, and again at the <strong>Th\u00e9\u00e2tre de Paris<\/strong> in 2012. The following year, she was once again invited by A. Sachs to perform in <em>\u201cTout Offenbach ou Presque\u201d<\/em> at the Th\u00e9\u00e2tre de Paris.<br>In 2014, she collaborated with the Th\u00e9\u00e2tre de Paris on <em>\u201cLa Contrebasse\u201d<\/em> by S\u00fcskind, performed by Clovis Cornillac.<\/p>\n\n\n\n<p>In 2015, she took part in a <strong>France-Japan musical project<\/strong>, with a <strong>first concert at UNESCO<\/strong> as part of the Kyoto-Paris cultural exchange program, leading to an upcoming tour in Japan.<\/p>\n\n\n\n<p>In 2016, she premiered <strong>\u201cEl\u00e9gie-M\u00e9moire\u201d<\/strong> for alto flute by <strong>Iradj Sahba\u00ef<\/strong> in Paris, and in 2018, she premiered <strong>\u201cTchista\u201d<\/strong> for flute by <strong>Sina Fallahzadeh<\/strong>, also in Paris.<\/p>\n\n\n\n<p>Under the musical direction of <strong>P. Peyrieras<\/strong>, she has participated in several <strong>recordings and video productions<\/strong> across various projects in duo, trio, or orchestral formations (albums, music for museums, theater scores&#8230;).<br>In <strong>December 2017<\/strong>, she joined a <strong>music tour in China and Taiwan<\/strong> under the conductor <strong>Marc Hajjar<\/strong>.<\/p>\n","protected":false},"excerpt":{"rendered":"<p>Arriv\u00e9e en Suisse l&rsquo;\u00e9t\u00e9 2022, la musique, d\u00e9sormais, s&rsquo;invite plus souvent au sein des soins holistiques propos\u00e9s et de l&rsquo;enseignement du yoga et du do-in ainsi que lors de salons culturels musicales \u00e0 Zurich notamment au sein de MQ-Learning o\u00f9 la musique, la po\u00e9sie, la m\u00e9ditation et la philosophie se rencontrent le temps d&rsquo;une soir\u00e9e &hellip; <\/p>\n<p class=\"link-more\"><a href=\"https:\/\/dessoinsetdesarts.com\/index.php\/a-propos-de-musique\/\" class=\"more-link\">Continuer la lecture<span class=\"screen-reader-text\"> de &laquo;&nbsp;A propos de Musique\/About Music&nbsp;&raquo;<\/span><\/a><\/p>\n","protected":false},"author":1,"featured_media":0,"parent":0,"menu_order":0,"comment_status":"closed","ping_status":"closed","template":"","meta":{"footnotes":""},"class_list":["post-44","page","type-page","status-publish","hentry"],"yoast_head":"<!-- This site is optimized with the Yoast SEO plugin v24.9 - https:\/\/yoast.com\/wordpress\/plugins\/seo\/ -->\n<title>A propos de Musique\/About Music - Des Soins &amp; Des Arts<\/title>\n<meta name=\"robots\" content=\"index, follow, max-snippet:-1, max-image-preview:large, max-video-preview:-1\" \/>\n<link rel=\"canonical\" href=\"https:\/\/dessoinsetdesarts.com\/index.php\/a-propos-de-musique\/\" \/>\n<meta property=\"og:locale\" content=\"fr_FR\" \/>\n<meta property=\"og:type\" content=\"article\" \/>\n<meta property=\"og:title\" content=\"A propos de Musique\/About Music - Des Soins &amp; Des Arts\" \/>\n<meta property=\"og:description\" content=\"Arriv\u00e9e en Suisse l&rsquo;\u00e9t\u00e9 2022, la musique, d\u00e9sormais, s&rsquo;invite plus souvent au sein des soins holistiques propos\u00e9s et de l&rsquo;enseignement du yoga et du do-in ainsi que lors de salons culturels musicales \u00e0 Zurich notamment au sein de MQ-Learning o\u00f9 la musique, la po\u00e9sie, la m\u00e9ditation et la philosophie se rencontrent le temps d&rsquo;une soir\u00e9e &hellip; Continuer la lecture de &laquo;&nbsp;A propos de Musique\/About Music&nbsp;&raquo;\" \/>\n<meta property=\"og:url\" content=\"https:\/\/dessoinsetdesarts.com\/index.php\/a-propos-de-musique\/\" \/>\n<meta property=\"og:site_name\" content=\"Des Soins &amp; Des Arts\" \/>\n<meta property=\"article:modified_time\" content=\"2025-04-16T05:56:13+00:00\" \/>\n<meta property=\"og:image\" content=\"http:\/\/dessoinsetdesarts.com\/wp-content\/uploads\/2019\/04\/photo-musique-site-1024x768.jpg\" \/>\n<meta name=\"twitter:card\" content=\"summary_large_image\" \/>\n<meta name=\"twitter:label1\" content=\"Dur\u00e9e de lecture estim\u00e9e\" \/>\n\t<meta name=\"twitter:data1\" content=\"4 minutes\" \/>\n<script type=\"application\/ld+json\" class=\"yoast-schema-graph\">{\"@context\":\"https:\/\/schema.org\",\"@graph\":[{\"@type\":\"WebPage\",\"@id\":\"https:\/\/dessoinsetdesarts.com\/index.php\/a-propos-de-musique\/\",\"url\":\"https:\/\/dessoinsetdesarts.com\/index.php\/a-propos-de-musique\/\",\"name\":\"A propos de Musique\/About Music - Des Soins &amp; Des Arts\",\"isPartOf\":{\"@id\":\"https:\/\/dessoinsetdesarts.com\/#website\"},\"primaryImageOfPage\":{\"@id\":\"https:\/\/dessoinsetdesarts.com\/index.php\/a-propos-de-musique\/#primaryimage\"},\"image\":{\"@id\":\"https:\/\/dessoinsetdesarts.com\/index.php\/a-propos-de-musique\/#primaryimage\"},\"thumbnailUrl\":\"http:\/\/dessoinsetdesarts.com\/wp-content\/uploads\/2019\/04\/photo-musique-site-1024x768.jpg\",\"datePublished\":\"2019-01-01T11:43:31+00:00\",\"dateModified\":\"2025-04-16T05:56:13+00:00\",\"breadcrumb\":{\"@id\":\"https:\/\/dessoinsetdesarts.com\/index.php\/a-propos-de-musique\/#breadcrumb\"},\"inLanguage\":\"fr-FR\",\"potentialAction\":[{\"@type\":\"ReadAction\",\"target\":[\"https:\/\/dessoinsetdesarts.com\/index.php\/a-propos-de-musique\/\"]}]},{\"@type\":\"ImageObject\",\"inLanguage\":\"fr-FR\",\"@id\":\"https:\/\/dessoinsetdesarts.com\/index.php\/a-propos-de-musique\/#primaryimage\",\"url\":\"http:\/\/dessoinsetdesarts.com\/wp-content\/uploads\/2019\/04\/photo-musique-site-1024x768.jpg\",\"contentUrl\":\"http:\/\/dessoinsetdesarts.com\/wp-content\/uploads\/2019\/04\/photo-musique-site-1024x768.jpg\"},{\"@type\":\"BreadcrumbList\",\"@id\":\"https:\/\/dessoinsetdesarts.com\/index.php\/a-propos-de-musique\/#breadcrumb\",\"itemListElement\":[{\"@type\":\"ListItem\",\"position\":1,\"name\":\"Home\",\"item\":\"https:\/\/dessoinsetdesarts.com\/\"},{\"@type\":\"ListItem\",\"position\":2,\"name\":\"A propos de Musique\/About Music\"}]},{\"@type\":\"WebSite\",\"@id\":\"https:\/\/dessoinsetdesarts.com\/#website\",\"url\":\"https:\/\/dessoinsetdesarts.com\/\",\"name\":\"Des Soins &amp; Des Arts\",\"description\":\"VANESSA MOUBARAK \",\"potentialAction\":[{\"@type\":\"SearchAction\",\"target\":{\"@type\":\"EntryPoint\",\"urlTemplate\":\"https:\/\/dessoinsetdesarts.com\/?s={search_term_string}\"},\"query-input\":{\"@type\":\"PropertyValueSpecification\",\"valueRequired\":true,\"valueName\":\"search_term_string\"}}],\"inLanguage\":\"fr-FR\"}]}<\/script>\n<!-- \/ Yoast SEO plugin. -->","yoast_head_json":{"title":"A propos de Musique\/About Music - Des Soins &amp; Des Arts","robots":{"index":"index","follow":"follow","max-snippet":"max-snippet:-1","max-image-preview":"max-image-preview:large","max-video-preview":"max-video-preview:-1"},"canonical":"https:\/\/dessoinsetdesarts.com\/index.php\/a-propos-de-musique\/","og_locale":"fr_FR","og_type":"article","og_title":"A propos de Musique\/About Music - Des Soins &amp; Des Arts","og_description":"Arriv\u00e9e en Suisse l&rsquo;\u00e9t\u00e9 2022, la musique, d\u00e9sormais, s&rsquo;invite plus souvent au sein des soins holistiques propos\u00e9s et de l&rsquo;enseignement du yoga et du do-in ainsi que lors de salons culturels musicales \u00e0 Zurich notamment au sein de MQ-Learning o\u00f9 la musique, la po\u00e9sie, la m\u00e9ditation et la philosophie se rencontrent le temps d&rsquo;une soir\u00e9e &hellip; Continuer la lecture de &laquo;&nbsp;A propos de Musique\/About Music&nbsp;&raquo;","og_url":"https:\/\/dessoinsetdesarts.com\/index.php\/a-propos-de-musique\/","og_site_name":"Des Soins &amp; Des Arts","article_modified_time":"2025-04-16T05:56:13+00:00","og_image":[{"url":"http:\/\/dessoinsetdesarts.com\/wp-content\/uploads\/2019\/04\/photo-musique-site-1024x768.jpg","type":"","width":"","height":""}],"twitter_card":"summary_large_image","twitter_misc":{"Dur\u00e9e de lecture estim\u00e9e":"4 minutes"},"schema":{"@context":"https:\/\/schema.org","@graph":[{"@type":"WebPage","@id":"https:\/\/dessoinsetdesarts.com\/index.php\/a-propos-de-musique\/","url":"https:\/\/dessoinsetdesarts.com\/index.php\/a-propos-de-musique\/","name":"A propos de Musique\/About Music - Des Soins &amp; Des Arts","isPartOf":{"@id":"https:\/\/dessoinsetdesarts.com\/#website"},"primaryImageOfPage":{"@id":"https:\/\/dessoinsetdesarts.com\/index.php\/a-propos-de-musique\/#primaryimage"},"image":{"@id":"https:\/\/dessoinsetdesarts.com\/index.php\/a-propos-de-musique\/#primaryimage"},"thumbnailUrl":"http:\/\/dessoinsetdesarts.com\/wp-content\/uploads\/2019\/04\/photo-musique-site-1024x768.jpg","datePublished":"2019-01-01T11:43:31+00:00","dateModified":"2025-04-16T05:56:13+00:00","breadcrumb":{"@id":"https:\/\/dessoinsetdesarts.com\/index.php\/a-propos-de-musique\/#breadcrumb"},"inLanguage":"fr-FR","potentialAction":[{"@type":"ReadAction","target":["https:\/\/dessoinsetdesarts.com\/index.php\/a-propos-de-musique\/"]}]},{"@type":"ImageObject","inLanguage":"fr-FR","@id":"https:\/\/dessoinsetdesarts.com\/index.php\/a-propos-de-musique\/#primaryimage","url":"http:\/\/dessoinsetdesarts.com\/wp-content\/uploads\/2019\/04\/photo-musique-site-1024x768.jpg","contentUrl":"http:\/\/dessoinsetdesarts.com\/wp-content\/uploads\/2019\/04\/photo-musique-site-1024x768.jpg"},{"@type":"BreadcrumbList","@id":"https:\/\/dessoinsetdesarts.com\/index.php\/a-propos-de-musique\/#breadcrumb","itemListElement":[{"@type":"ListItem","position":1,"name":"Home","item":"https:\/\/dessoinsetdesarts.com\/"},{"@type":"ListItem","position":2,"name":"A propos de Musique\/About Music"}]},{"@type":"WebSite","@id":"https:\/\/dessoinsetdesarts.com\/#website","url":"https:\/\/dessoinsetdesarts.com\/","name":"Des Soins &amp; Des Arts","description":"VANESSA MOUBARAK ","potentialAction":[{"@type":"SearchAction","target":{"@type":"EntryPoint","urlTemplate":"https:\/\/dessoinsetdesarts.com\/?s={search_term_string}"},"query-input":{"@type":"PropertyValueSpecification","valueRequired":true,"valueName":"search_term_string"}}],"inLanguage":"fr-FR"}]}},"_links":{"self":[{"href":"https:\/\/dessoinsetdesarts.com\/index.php\/wp-json\/wp\/v2\/pages\/44","targetHints":{"allow":["GET"]}}],"collection":[{"href":"https:\/\/dessoinsetdesarts.com\/index.php\/wp-json\/wp\/v2\/pages"}],"about":[{"href":"https:\/\/dessoinsetdesarts.com\/index.php\/wp-json\/wp\/v2\/types\/page"}],"author":[{"embeddable":true,"href":"https:\/\/dessoinsetdesarts.com\/index.php\/wp-json\/wp\/v2\/users\/1"}],"replies":[{"embeddable":true,"href":"https:\/\/dessoinsetdesarts.com\/index.php\/wp-json\/wp\/v2\/comments?post=44"}],"version-history":[{"count":17,"href":"https:\/\/dessoinsetdesarts.com\/index.php\/wp-json\/wp\/v2\/pages\/44\/revisions"}],"predecessor-version":[{"id":572,"href":"https:\/\/dessoinsetdesarts.com\/index.php\/wp-json\/wp\/v2\/pages\/44\/revisions\/572"}],"wp:attachment":[{"href":"https:\/\/dessoinsetdesarts.com\/index.php\/wp-json\/wp\/v2\/media?parent=44"}],"curies":[{"name":"wp","href":"https:\/\/api.w.org\/{rel}","templated":true}]}}